{"id":12194,"date":"2025-03-08T10:43:42","date_gmt":"2025-03-08T09:43:42","guid":{"rendered":"https:\/\/www.nbt.dk\/saerlige-priser\/"},"modified":"2026-04-08T20:47:22","modified_gmt":"2026-04-08T18:47:22","slug":"special-offers","status":"publish","type":"page","link":"https:\/\/www.nbt.dk\/en\/special-offers\/","title":{"rendered":"Special Offers"},"content":{"rendered":"\r\n<p><strong>UNDER 25 \u00c5R<\/strong><\/p>\r\n\r\n\r\n\r\n<p>Spar 100 kr. pr. billet.<\/p>\r\n\r\n\r\n\r\n<p>V\u00e6lg frit mellem disse forestillinger; Menneskekryb, Bambi er tilbage og REN\u00c6SSANCE.<\/p>\r\n\r\n\r\n\r\n<p>Du skal kunne vise legitimation sammen med din billet n\u00e5r du ankommer til teatret.<\/p>\r\n\r\n\r\n\r\n<p><strong>GRUPPPE (UNDER 25 \u00c5R)<\/strong><\/p>\r\n\r\n\r\n\r\n<p>G\u00e5 mindst 6 unge under 25 \u00e5r i teatret til kun 75 kr. pr. billet.<\/p>\r\n\r\n\r\n\r\n<p>Prisen g\u00e6lder i prisgrupperne B og C.<\/p>\r\n\r\n\r\n\r\n<p>V\u00e6lg frit mellem f\u00f8lgende forestillinger: Menneskekryb, Bambi er tilbage og REN\u00c6SSANCE.<\/p>\r\n\r\n\r\n\r\n<p>I skal kunne vise legitimation sammen med jeres billetter n\u00e5r I ankommer til teatret.<\/p>\r\n\r\n\r\n\r\n<p><strong>GRUPPE (VOKSNE)<\/strong><\/p>\r\n\r\n\r\n\r\n<p>G\u00e5 mindst 10 voksne i teatret og spar 50 kr. pr. billet.<\/p>\r\n\r\n\r\n\r\n<p>Prisen g\u00e6lder i prisgrupperne A, B og O.<\/p>\r\n\r\n\r\n\r\n<p>V\u00e6lg frit mellem f\u00f8lgende forestillinger: Menneskekryb, Bambi er tilbage og REN\u00c6SSANCE.<\/p>\r\n\r\n\r\n\r\n<p><b>LATESALE<\/b><\/p>\r\n\r\n\r\n\r\n<p>Du kan k\u00f8be teaterbilletter til kun 90 kr. pr. stk. inkl. gebyr for alle uanset alder. LateSale-billetterne er til salg fra 1 en time f\u00f8r forestillingernes start.<\/p>\r\n\r\n\r\n\r\n<p>Hver dag i en forestillings spilleperiode udbyder vi et begr\u00e6nset antal LateSale-billetter. L\u00e6s mere <a href=\"https:\/\/www.nbt.dk\/latesale\/\"><strong>her<\/strong>\u00a0<\/a><\/p>\r\n\r\n\r\n\r\n<p><strong>HOSPITALITY<\/strong><\/p>\r\n\r\n\r\n\r\n<p>\u00d8nsker du at skabe et arrangement for mere end 10 personer, som g\u00f8r indtryk? S\u00e5 har vi helt sikkert en l\u00f8sning, der passer.<\/p>\r\n\r\n\r\n\r\n<p>L\u00e6s mere om vores forskellige Hospitality-pakker <strong><a href=\"https:\/\/www.nbt.dk\/noerrebro-teater-hospitality\/\">her<\/a><\/strong> eller kontakt publikumschef Jeppe N\u00e6sted Jensen p\u00e5 <strong><a href=\"mailto:jeppe@nbt.dk\">jeppe@nbt.dk<\/a><\/strong> eller telefon 26 11 19 45.<\/p>\r\n\r\n\r\n<p>[nbt_calendar event=&#8221;all&#8221; range=30]<\/p>\n","protected":false},"excerpt":{"rendered":"<p>UNDER 25 \u00c5R Spar 100 kr. pr. billet. V\u00e6lg frit mellem disse forestillinger; Menneskekryb, Bambi er tilbage og REN\u00c6SSANCE. Du skal kunne vise legitimation sammen med din billet n\u00e5r du ankommer til teatret. GRUPPPE (UNDER 25 \u00c5R) G\u00e5 mindst 6 unge under 25 \u00e5r i teatret til kun 75 kr. pr. billet. Prisen g\u00e6lder i [&hellip;]<\/p>\n","protected":false},"author":1,"featured_media":0,"parent":0,"menu_order":58,"comment_status":"closed","ping_status":"closed","template":"","meta":{"_acf_changed":false,"footnotes":""},"class_list":["post-12194","page","type-page","status-publish","hentry"],"acf":[],"yoast_head":"<!-- This site is optimized with the Yoast SEO plugin v27.2 - https:\/\/yoast.com\/product\/yoast-seo-wordpress\/ -->\n<title>Special Offers - N\u00f8rrebro Teater<\/title>\n<meta name=\"robots\" content=\"index, follow, max-snippet:-1, max-image-preview:large, max-video-preview:-1\" \/>\n<link rel=\"canonical\" href=\"https:\/\/www.nbt.dk\/en\/special-offers\/\" \/>\n<meta property=\"og:locale\" content=\"en_US\" \/>\n<meta property=\"og:type\" content=\"article\" \/>\n<meta property=\"og:title\" content=\"Special Offers - N\u00f8rrebro Teater\" \/>\n<meta property=\"og:description\" content=\"UNDER 25 \u00c5R Spar 100 kr. pr. billet. V\u00e6lg frit mellem disse forestillinger; Menneskekryb, Bambi er tilbage og REN\u00c6SSANCE. Du skal kunne vise legitimation sammen med din billet n\u00e5r du ankommer til teatret. GRUPPPE (UNDER 25 \u00c5R) G\u00e5 mindst 6 unge under 25 \u00e5r i teatret til kun 75 kr. pr. billet. Prisen g\u00e6lder i [&hellip;]\" \/>\n<meta property=\"og:url\" content=\"https:\/\/www.nbt.dk\/en\/special-offers\/\" \/>\n<meta property=\"og:site_name\" content=\"N\u00f8rrebro Teater\" \/>\n<meta property=\"article:publisher\" content=\"https:\/\/www.facebook.com\/NorrebroTeater\" \/>\n<meta property=\"article:modified_time\" content=\"2026-04-08T18:47:22+00:00\" \/>\n<meta name=\"twitter:card\" content=\"summary_large_image\" \/>\n<meta name=\"twitter:label1\" content=\"Est. reading time\" \/>\n\t<meta name=\"twitter:data1\" content=\"2 minutes\" \/>\n<script type=\"application\/ld+json\" class=\"yoast-schema-graph\">{\"@context\":\"https:\/\/schema.org\",\"@graph\":[{\"@type\":\"WebPage\",\"@id\":\"https:\/\/www.nbt.dk\/en\/special-offers\/\",\"url\":\"https:\/\/www.nbt.dk\/en\/special-offers\/\",\"name\":\"Special Offers - N\u00f8rrebro Teater\",\"isPartOf\":{\"@id\":\"https:\/\/www.nbt.dk\/en\/#website\"},\"datePublished\":\"2025-03-08T09:43:42+00:00\",\"dateModified\":\"2026-04-08T18:47:22+00:00\",\"breadcrumb\":{\"@id\":\"https:\/\/www.nbt.dk\/en\/special-offers\/#breadcrumb\"},\"inLanguage\":\"en-US\",\"potentialAction\":[{\"@type\":\"ReadAction\",\"target\":[\"https:\/\/www.nbt.dk\/en\/special-offers\/\"]}]},{\"@type\":\"BreadcrumbList\",\"@id\":\"https:\/\/www.nbt.dk\/en\/special-offers\/#breadcrumb\",\"itemListElement\":[{\"@type\":\"ListItem\",\"position\":1,\"name\":\"Hjem\",\"item\":\"https:\/\/www.nbt.dk\/en\/\"},{\"@type\":\"ListItem\",\"position\":2,\"name\":\"Special Offers\"}]},{\"@type\":\"WebSite\",\"@id\":\"https:\/\/www.nbt.dk\/en\/#website\",\"url\":\"https:\/\/www.nbt.dk\/en\/\",\"name\":\"N\u00f8rrebro Teater\",\"description\":\"Morskabens teater\",\"publisher\":{\"@id\":\"https:\/\/www.nbt.dk\/en\/#organization\"},\"potentialAction\":[{\"@type\":\"SearchAction\",\"target\":{\"@type\":\"EntryPoint\",\"urlTemplate\":\"https:\/\/www.nbt.dk\/en\/?s={search_term_string}\"},\"query-input\":{\"@type\":\"PropertyValueSpecification\",\"valueRequired\":true,\"valueName\":\"search_term_string\"}}],\"inLanguage\":\"en-US\"},{\"@type\":\"Organization\",\"@id\":\"https:\/\/www.nbt.dk\/en\/#organization\",\"name\":\"N\u00f8rrebro Teater\",\"url\":\"https:\/\/www.nbt.dk\/en\/\",\"logo\":{\"@type\":\"ImageObject\",\"inLanguage\":\"en-US\",\"@id\":\"https:\/\/www.nbt.dk\/en\/#\/schema\/logo\/image\/\",\"url\":\"https:\/\/www.nbt.dk\/wp-content\/uploads\/2023\/04\/nbt_logo.svg\",\"contentUrl\":\"https:\/\/www.nbt.dk\/wp-content\/uploads\/2023\/04\/nbt_logo.svg\",\"width\":337,\"height\":124,\"caption\":\"N\u00f8rrebro Teater\"},\"image\":{\"@id\":\"https:\/\/www.nbt.dk\/en\/#\/schema\/logo\/image\/\"},\"sameAs\":[\"https:\/\/www.facebook.com\/NorrebroTeater\",\"https:\/\/www.instagram.com\/noerrebroteater\/?hl=da\",\"https:\/\/dk.linkedin.com\/company\/norrebro-teater\",\"https:\/\/www.youtube.com\/@NorrebroTeater\"]}]}<\/script>\n<!-- \/ Yoast SEO plugin. -->","yoast_head_json":{"title":"Special Offers - N\u00f8rrebro Teater","robots":{"index":"index","follow":"follow","max-snippet":"max-snippet:-1","max-image-preview":"max-image-preview:large","max-video-preview":"max-video-preview:-1"},"canonical":"https:\/\/www.nbt.dk\/en\/special-offers\/","og_locale":"en_US","og_type":"article","og_title":"Special Offers - N\u00f8rrebro Teater","og_description":"UNDER 25 \u00c5R Spar 100 kr. pr. billet. V\u00e6lg frit mellem disse forestillinger; Menneskekryb, Bambi er tilbage og REN\u00c6SSANCE. Du skal kunne vise legitimation sammen med din billet n\u00e5r du ankommer til teatret. GRUPPPE (UNDER 25 \u00c5R) G\u00e5 mindst 6 unge under 25 \u00e5r i teatret til kun 75 kr. pr. billet. Prisen g\u00e6lder i [&hellip;]","og_url":"https:\/\/www.nbt.dk\/en\/special-offers\/","og_site_name":"N\u00f8rrebro Teater","article_publisher":"https:\/\/www.facebook.com\/NorrebroTeater","article_modified_time":"2026-04-08T18:47:22+00:00","twitter_card":"summary_large_image","twitter_misc":{"Est. reading time":"2 minutes"},"schema":{"@context":"https:\/\/schema.org","@graph":[{"@type":"WebPage","@id":"https:\/\/www.nbt.dk\/en\/special-offers\/","url":"https:\/\/www.nbt.dk\/en\/special-offers\/","name":"Special Offers - N\u00f8rrebro Teater","isPartOf":{"@id":"https:\/\/www.nbt.dk\/en\/#website"},"datePublished":"2025-03-08T09:43:42+00:00","dateModified":"2026-04-08T18:47:22+00:00","breadcrumb":{"@id":"https:\/\/www.nbt.dk\/en\/special-offers\/#breadcrumb"},"inLanguage":"en-US","potentialAction":[{"@type":"ReadAction","target":["https:\/\/www.nbt.dk\/en\/special-offers\/"]}]},{"@type":"BreadcrumbList","@id":"https:\/\/www.nbt.dk\/en\/special-offers\/#breadcrumb","itemListElement":[{"@type":"ListItem","position":1,"name":"Hjem","item":"https:\/\/www.nbt.dk\/en\/"},{"@type":"ListItem","position":2,"name":"Special Offers"}]},{"@type":"WebSite","@id":"https:\/\/www.nbt.dk\/en\/#website","url":"https:\/\/www.nbt.dk\/en\/","name":"N\u00f8rrebro Teater","description":"Morskabens teater","publisher":{"@id":"https:\/\/www.nbt.dk\/en\/#organization"},"potentialAction":[{"@type":"SearchAction","target":{"@type":"EntryPoint","urlTemplate":"https:\/\/www.nbt.dk\/en\/?s={search_term_string}"},"query-input":{"@type":"PropertyValueSpecification","valueRequired":true,"valueName":"search_term_string"}}],"inLanguage":"en-US"},{"@type":"Organization","@id":"https:\/\/www.nbt.dk\/en\/#organization","name":"N\u00f8rrebro Teater","url":"https:\/\/www.nbt.dk\/en\/","logo":{"@type":"ImageObject","inLanguage":"en-US","@id":"https:\/\/www.nbt.dk\/en\/#\/schema\/logo\/image\/","url":"https:\/\/www.nbt.dk\/wp-content\/uploads\/2023\/04\/nbt_logo.svg","contentUrl":"https:\/\/www.nbt.dk\/wp-content\/uploads\/2023\/04\/nbt_logo.svg","width":337,"height":124,"caption":"N\u00f8rrebro Teater"},"image":{"@id":"https:\/\/www.nbt.dk\/en\/#\/schema\/logo\/image\/"},"sameAs":["https:\/\/www.facebook.com\/NorrebroTeater","https:\/\/www.instagram.com\/noerrebroteater\/?hl=da","https:\/\/dk.linkedin.com\/company\/norrebro-teater","https:\/\/www.youtube.com\/@NorrebroTeater"]}]}},"_links":{"self":[{"href":"https:\/\/www.nbt.dk\/en\/wp-json\/wp\/v2\/pages\/12194","targetHints":{"allow":["GET"]}}],"collection":[{"href":"https:\/\/www.nbt.dk\/en\/wp-json\/wp\/v2\/pages"}],"about":[{"href":"https:\/\/www.nbt.dk\/en\/wp-json\/wp\/v2\/types\/page"}],"author":[{"embeddable":true,"href":"https:\/\/www.nbt.dk\/en\/wp-json\/wp\/v2\/users\/1"}],"replies":[{"embeddable":true,"href":"https:\/\/www.nbt.dk\/en\/wp-json\/wp\/v2\/comments?post=12194"}],"version-history":[{"count":4,"href":"https:\/\/www.nbt.dk\/en\/wp-json\/wp\/v2\/pages\/12194\/revisions"}],"predecessor-version":[{"id":12356,"href":"https:\/\/www.nbt.dk\/en\/wp-json\/wp\/v2\/pages\/12194\/revisions\/12356"}],"wp:attachment":[{"href":"https:\/\/www.nbt.dk\/en\/wp-json\/wp\/v2\/media?parent=12194"}],"curies":[{"name":"wp","href":"https:\/\/api.w.org\/{rel}","templated":true}]}}