{"id":12151,"date":"2025-03-06T20:32:54","date_gmt":"2025-03-06T19:32:54","guid":{"rendered":"https:\/\/www.nbt.dk\/kontakt\/"},"modified":"2026-04-27T08:24:40","modified_gmt":"2026-04-27T06:24:40","slug":"contact","status":"publish","type":"page","link":"https:\/\/www.nbt.dk\/en\/contact\/","title":{"rendered":"Contact"},"content":{"rendered":"\r\n<h3 class=\"wp-block-heading\">KONTAKT<\/h3>\r\n\r\n\r\n\r\n<h2 class=\"wp-block-heading\">BILLETKONTOR<\/h2>\r\n\r\n\r\n\r\n<p><b>T<\/b> \/ 70 272 272 (man kl. 10-17 og tir-fre kl. 14-17)<\/p>\r\n\r\n\r\n\r\n<p><strong>E<\/strong>\u00a0\/\u00a0<a href=\"mailto:billet@teaterbilletter.dk\">info@billetbillet.dk<\/a><\/p>\r\n\r\n\r\n\r\n<p><strong>\u00a0<\/strong><\/p>\r\n\r\n\r\n\r\n<p><strong>OFTE EFTERSPURGTE MAILADRESSER<\/strong><\/p>\r\n\r\n\r\n\r\n<p>Bogholderi: <a href=\"mailto:faktura@nbt.dk\"><em>faktura@nbt.dk<\/em><\/a><\/p>\r\n\r\n\r\n\r\n<p>Uopfordrede ans\u00f8gninger kan sendes til: <em><a href=\"mailto:job@nbt.dk\">job@nbt.dk<\/a><\/em><\/p>\r\n\r\n\r\n\r\n<h2 class=\"wp-block-heading\">ADMINISTRATION<\/h2>\r\n\r\n\r\n\r\n<p>N\u00f8rrebro Teater<\/p>\r\n\r\n\r\n\r\n<p>Ravnsborggade 3<\/p>\r\n\r\n\r\n\r\n<p>2200 K\u00f8benhavn N<\/p>\r\n\r\n\r\n\r\n<p><strong>T<\/strong> \/ 35 35 27 60 (man-fre kl. 11-12)<\/p>\r\n\r\n\r\n\r\n<p><strong>E<\/strong> \/ <a href=\"mailto:nbt@nbt.dk\">nbt@nbt.dk<\/a><\/p>\r\n\r\n\r\n\r\n<p>Bogholderi: <a href=\"mailto:faktura@nbt.dk\">faktura@nbt.dk<\/a><\/p>\r\n\r\n\r\n\r\n<p>Uopfordrede ans\u00f8ger kan sendes til: <a href=\"mailto:job@nbt.dk\">job@nbt.dk<\/a><\/p>\r\n\r\n\r\n\r\n<h2 class=\"wp-block-heading\">ADMINISTRATIVT PERSONALE<\/h2>\r\n\r\n\r\n\r\n<p>Direkt\u00f8r<\/p>\r\n\r\n\r\n\r\n<h5 class=\"wp-block-heading\"><strong>JANNE VILLADSEN<\/strong><\/h5>\r\n\r\n\r\n\r\n<p><a href=\"mailto:janne@nbt.dk\">E \/ janne@nbt.dk<\/a><\/p>\r\n\r\n\r\n\r\n<p>Kunstnerisk direkt\u00f8r<\/p>\r\n\r\n\r\n\r\n<h5 class=\"wp-block-heading\"><strong>JENNIFER VEDSTED CHRISTIANSEN<\/strong><\/h5>\r\n\r\n\r\n\r\n<p><a href=\"mailto:jennifer@nbt.dk\">E \/ jennifer@nbt.dk<\/a><\/p>\r\n\r\n\r\n\r\n<p>\u00d8konomichef<\/p>\r\n\r\n\r\n\r\n<h5 class=\"wp-block-heading\"><strong>BENNY SCHOU PETERSEN<\/strong><\/h5>\r\n\r\n\r\n\r\n<p>T \/ 52 14 14 31<\/p>\r\n\r\n\r\n\r\n<p><a href=\"mailto:benny@nbt.dk\">E \/ benny@nbt.dk<\/a><\/p>\r\n\r\n\r\n\r\n<p>Programchef for kultur<\/p>\r\n\r\n\r\n\r\n<h5 class=\"wp-block-heading\"><strong>CHARLOTTE KJ\u00c6R<\/strong><\/h5>\r\n\r\n\r\n\r\n<p>T \/ 52 14 14 30<\/p>\r\n\r\n\r\n\r\n<p><a href=\"mailto:charlotte@nbt.dk\">E \/ charlotte@nbt.dk<\/a><\/p>\r\n\r\n\r\n\r\n<p>Kommunikationschef<\/p>\r\n\r\n\r\n\r\n<h5 class=\"wp-block-heading\"><strong>JULIE A. VEJL\u00d8<\/strong><\/h5>\r\n\r\n\r\n\r\n<p>T \/ 52 14 14 33<\/p>\r\n\r\n\r\n\r\n<p><a href=\"mailto:julie@nbt.dk\">E \/ julie@nbt.dk<\/a><\/p>\r\n\r\n\r\n\r\n<p>Marketingchef<\/p>\r\n\r\n\r\n\r\n<h5 class=\"wp-block-heading\"><strong>KATRINE HELMER ANDREA<\/strong><\/h5>\r\n\r\n\r\n\r\n<p>T \/ 24 42 48 99<\/p>\r\n\r\n\r\n\r\n<p><a href=\"mailto:katrine@nbt.dk\">E \/ katrine@nbt.dk<\/a><\/p>\r\n\r\n\r\n\r\n<p>Publikums- og barchef<\/p>\r\n\r\n\r\n\r\n<h5 class=\"wp-block-heading\"><strong>JEPPE N\u00c6STED JENSEN<\/strong><\/h5>\r\n\r\n\r\n\r\n<p>T\/ 26 11 19 45<\/p>\r\n\r\n\r\n\r\n<p><a href=\"mailto:jeppe@nbt.dk\">E \/ jeppe@nbt.dk<\/a><\/p>\r\n\r\n\r\n\r\n<p>Programchef for kultur<\/p>\r\n\r\n\r\n\r\n<h5 class=\"wp-block-heading\"><strong>JULIANE HARTS\u00d8 LASSEN<\/strong><\/h5>\r\n\r\n\r\n\r\n<p>T \/ 22 70 86 05<\/p>\r\n\r\n\r\n\r\n<p><a href=\"mailto:juliane@nbt.dk\">E \/ juliane@nbt.dk<\/a><\/p>\r\n\r\n\r\n\r\n<p>Grafisk designer<\/p>\r\n\r\n\r\n\r\n<h5 class=\"wp-block-heading\"><strong>TILIA MARLENE RUSSELL<\/strong><\/h5>\r\n\r\n\r\n\r\n<p>T \/ 53 27 11 37<\/p>\r\n\r\n\r\n\r\n<p><a href=\"mailto:tilia@nbt.dk\">E \/ tilia@nbt.dk<\/a><\/p>\r\n\r\n\r\n\r\n<p>Regnskabs- og kontormedarbejder<\/p>\r\n\r\n\r\n\r\n<h5 class=\"wp-block-heading\"><strong>KRISTINE VON STAFFELDT<\/strong><\/h5>\r\n\r\n\r\n\r\n<p>T \/ 60 14 33 39<\/p>\r\n\r\n\r\n\r\n<p><a href=\"mailto:kristine@nbt.dk\">E \/ kristine@nbt.dk<\/a><\/p>\r\n\r\n\r\n\r\n<p>Kommunikationspraktikant<\/p>\r\n\r\n\r\n\r\n<h5 class=\"wp-block-heading\"><strong>AMALIE LOOF JOHANSEN<\/strong><\/h5>\r\n\r\n\r\n\r\n<p><a href=\"mailto:amalie@nbt.dk\">E \/ amalie@nbt.dk<\/a><\/p>\r\n\r\n\r\n\r\n<h2 class=\"wp-block-heading\">TEKNISK PERSONALE<\/h2>\r\n\r\n\r\n\r\n<p>Produktionschef<\/p>\r\n\r\n\r\n\r\n<h5 class=\"wp-block-heading\"><strong>MADS PETER \u00d8STERSKOV<\/strong><\/h5>\r\n\r\n\r\n\r\n<p>T \/ 22 79 46 78<\/p>\r\n\r\n\r\n\r\n<p><a href=\"mailto:mads@nbt.dk\">E \/ mads@nbt.dk<\/a><\/p>\r\n\r\n\r\n\r\n<p>Tonemester<\/p>\r\n\r\n\r\n\r\n<h5 class=\"wp-block-heading\"><strong>MORTEN OXHOLM<\/strong><\/h5>\r\n\r\n\r\n\r\n<p>T \/ 52 14 14 50<\/p>\r\n\r\n\r\n\r\n<p><a href=\"mailto:morten@nbt.dk\">E \/ morten@nbt.dk<\/a><\/p>\r\n\r\n\r\n\r\n<p>Scenemester<\/p>\r\n\r\n\r\n\r\n<h5 class=\"wp-block-heading\"><strong>REN\u00c9 FRISCH RASMUSSEN<\/strong><\/h5>\r\n\r\n\r\n\r\n<p>T \/ 60 83 99 64<\/p>\r\n\r\n\r\n\r\n<p><a href=\"mailto:rene@nbt.dk\">E \/ rene@nbt.dk<\/a><\/p>\r\n\r\n\r\n\r\n<p>Skr\u00e6ddersal<\/p>\r\n\r\n\r\n\r\n<h5 class=\"wp-block-heading\"><strong>MALOU LISTOFT<\/strong><\/h5>\r\n\r\n\r\n\r\n<p>T \/ 52 14 14 75<\/p>\r\n\r\n\r\n\r\n<p><a href=\"mailto:malou@nbt.dk\">E \/ malou@nbt.dk<\/a><\/p>\r\n\r\n\r\n\r\n<p>Driftschef<\/p>\r\n\r\n\r\n\r\n<h5 class=\"wp-block-heading\"><strong>JOHAN FAST<\/strong><\/h5>\r\n\r\n\r\n\r\n<p>T \/ 25 85 23 71<\/p>\r\n\r\n\r\n\r\n<p><a href=\"mailto:johan@nbt.dk\">E \/ johan@nbt.dk<\/a><\/p>\r\n\r\n\r\n\r\n<p>Overregiss\u00f8r<\/p>\r\n\r\n\r\n\r\n<h5 class=\"wp-block-heading\"><b>ALICE SJURKALINA<\/b><\/h5>\r\n\r\n\r\n\r\n<p>T \/ 50 55 26 69<\/p>\r\n\r\n\r\n\r\n<p><a href=\"mailto:christina@nbt.dk\">E \/ alice@nbt.dk<\/a><\/p>\r\n\r\n\r\n\r\n<p>Belysningsmester<\/p>\r\n\r\n\r\n\r\n<h5 class=\"wp-block-heading\"><strong>MIA JANDJE WILLETT<\/strong><\/h5>\r\n\r\n\r\n\r\n<p>T \/ 23 63 60 15<\/p>\r\n\r\n\r\n\r\n<p>E \/ <a href=\"mailto:mia@nbt.dk\">mia@nbt.dk<\/a><\/p>\r\n\r\n\r\n\r\n<p>Byggeleder<\/p>\r\n\r\n\r\n\r\n<h5 class=\"wp-block-heading\"><b>KASPER HUST<\/b><\/h5>\r\n\r\n\r\n\r\n<p>T \/ 31 31 36 92<\/p>\r\n\r\n\r\n\r\n<p>E \/ <a href=\"mailto:kasper@nbt.dk\">kasper@nbt.dk<\/a><\/p>\r\n\r\n\r\n\r\n<p>Elev<\/p>\r\n\r\n\r\n\r\n<h5 class=\"wp-block-heading\"><strong>FREJA BANG HANSEN<\/strong><\/h5>\r\n\r\n\r\n\r\n<p>T \/ 31 57 63 02<\/p>\r\n\r\n\r\n\r\n<p><a href=\"mailto:freja@nbt.dk\">E \/ freja@nbt.dk<\/a><\/p>\r\n\r\n\r\n\r\n<p>Elev<\/p>\r\n\r\n\r\n\r\n<p><strong>OLIVER MUNCH<\/strong><\/p>\r\n\r\n\r\n\r\n<p>T \/ 50 31 21 51<\/p>\r\n\r\n\r\n\r\n<p><a href=\"mailto:oliver@nbt.dk\">E \/ oliver@nbt.dk<\/a><\/p>\r\n","protected":false},"excerpt":{"rendered":"<p>KONTAKT BILLETKONTOR T \/ 70 272 272 (man kl. 10-17 og tir-fre kl. 14-17) E\u00a0\/\u00a0info@billetbillet.dk \u00a0 OFTE EFTERSPURGTE MAILADRESSER Bogholderi: faktura@nbt.dk Uopfordrede ans\u00f8gninger kan sendes til: job@nbt.dk ADMINISTRATION N\u00f8rrebro Teater Ravnsborggade 3 2200 K\u00f8benhavn N T \/ 35 35 27 60 (man-fre kl. 11-12) E \/ nbt@nbt.dk Bogholderi: faktura@nbt.dk Uopfordrede ans\u00f8ger kan sendes til: job@nbt.dk [&hellip;]<\/p>\n","protected":false},"author":1,"featured_media":0,"parent":0,"menu_order":37,"comment_status":"closed","ping_status":"closed","template":"","meta":{"_acf_changed":false,"footnotes":""},"class_list":["post-12151","page","type-page","status-publish","hentry"],"acf":[],"yoast_head":"<!-- This site is optimized with the Yoast SEO plugin v27.2 - https:\/\/yoast.com\/product\/yoast-seo-wordpress\/ -->\n<title>Contact - N\u00f8rrebro Teater<\/title>\n<meta name=\"description\" content=\"N\u00f8rrebro Teater er Danmarks st\u00f8rste morskabsteater med plads til 620 publikummer.\" \/>\n<meta name=\"robots\" content=\"index, follow, max-snippet:-1, max-image-preview:large, max-video-preview:-1\" \/>\n<link rel=\"canonical\" href=\"https:\/\/www.nbt.dk\/en\/contact\/\" \/>\n<meta property=\"og:locale\" content=\"en_US\" \/>\n<meta property=\"og:type\" content=\"article\" \/>\n<meta property=\"og:title\" content=\"Contact - N\u00f8rrebro Teater\" \/>\n<meta property=\"og:description\" content=\"N\u00f8rrebro Teater er Danmarks st\u00f8rste morskabsteater med plads til 620 publikummer.\" \/>\n<meta property=\"og:url\" content=\"https:\/\/www.nbt.dk\/en\/contact\/\" \/>\n<meta property=\"og:site_name\" content=\"N\u00f8rrebro Teater\" \/>\n<meta property=\"article:publisher\" content=\"https:\/\/www.facebook.com\/NorrebroTeater\" \/>\n<meta property=\"article:modified_time\" content=\"2026-04-27T06:24:40+00:00\" \/>\n<meta name=\"twitter:card\" content=\"summary_large_image\" \/>\n<meta name=\"twitter:label1\" content=\"Est. reading time\" \/>\n\t<meta name=\"twitter:data1\" content=\"2 minutes\" \/>\n<script type=\"application\/ld+json\" class=\"yoast-schema-graph\">{\"@context\":\"https:\/\/schema.org\",\"@graph\":[{\"@type\":\"WebPage\",\"@id\":\"https:\/\/www.nbt.dk\/en\/contact\/\",\"url\":\"https:\/\/www.nbt.dk\/en\/contact\/\",\"name\":\"Contact - N\u00f8rrebro Teater\",\"isPartOf\":{\"@id\":\"https:\/\/www.nbt.dk\/en\/#website\"},\"datePublished\":\"2025-03-06T19:32:54+00:00\",\"dateModified\":\"2026-04-27T06:24:40+00:00\",\"description\":\"N\u00f8rrebro Teater er Danmarks st\u00f8rste morskabsteater med plads til 620 publikummer.\",\"breadcrumb\":{\"@id\":\"https:\/\/www.nbt.dk\/en\/contact\/#breadcrumb\"},\"inLanguage\":\"en-US\",\"potentialAction\":[{\"@type\":\"ReadAction\",\"target\":[\"https:\/\/www.nbt.dk\/en\/contact\/\"]}]},{\"@type\":\"BreadcrumbList\",\"@id\":\"https:\/\/www.nbt.dk\/en\/contact\/#breadcrumb\",\"itemListElement\":[{\"@type\":\"ListItem\",\"position\":1,\"name\":\"Hjem\",\"item\":\"https:\/\/www.nbt.dk\/en\/\"},{\"@type\":\"ListItem\",\"position\":2,\"name\":\"Contact\"}]},{\"@type\":\"WebSite\",\"@id\":\"https:\/\/www.nbt.dk\/en\/#website\",\"url\":\"https:\/\/www.nbt.dk\/en\/\",\"name\":\"N\u00f8rrebro Teater\",\"description\":\"Morskabens teater\",\"publisher\":{\"@id\":\"https:\/\/www.nbt.dk\/en\/#organization\"},\"potentialAction\":[{\"@type\":\"SearchAction\",\"target\":{\"@type\":\"EntryPoint\",\"urlTemplate\":\"https:\/\/www.nbt.dk\/en\/?s={search_term_string}\"},\"query-input\":{\"@type\":\"PropertyValueSpecification\",\"valueRequired\":true,\"valueName\":\"search_term_string\"}}],\"inLanguage\":\"en-US\"},{\"@type\":\"Organization\",\"@id\":\"https:\/\/www.nbt.dk\/en\/#organization\",\"name\":\"N\u00f8rrebro Teater\",\"url\":\"https:\/\/www.nbt.dk\/en\/\",\"logo\":{\"@type\":\"ImageObject\",\"inLanguage\":\"en-US\",\"@id\":\"https:\/\/www.nbt.dk\/en\/#\/schema\/logo\/image\/\",\"url\":\"https:\/\/www.nbt.dk\/wp-content\/uploads\/2023\/04\/nbt_logo.svg\",\"contentUrl\":\"https:\/\/www.nbt.dk\/wp-content\/uploads\/2023\/04\/nbt_logo.svg\",\"width\":337,\"height\":124,\"caption\":\"N\u00f8rrebro Teater\"},\"image\":{\"@id\":\"https:\/\/www.nbt.dk\/en\/#\/schema\/logo\/image\/\"},\"sameAs\":[\"https:\/\/www.facebook.com\/NorrebroTeater\",\"https:\/\/www.instagram.com\/noerrebroteater\/?hl=da\",\"https:\/\/dk.linkedin.com\/company\/norrebro-teater\",\"https:\/\/www.youtube.com\/@NorrebroTeater\"]}]}<\/script>\n<!-- \/ Yoast SEO plugin. -->","yoast_head_json":{"title":"Contact - N\u00f8rrebro Teater","description":"N\u00f8rrebro Teater er Danmarks st\u00f8rste morskabsteater med plads til 620 publikummer.","robots":{"index":"index","follow":"follow","max-snippet":"max-snippet:-1","max-image-preview":"max-image-preview:large","max-video-preview":"max-video-preview:-1"},"canonical":"https:\/\/www.nbt.dk\/en\/contact\/","og_locale":"en_US","og_type":"article","og_title":"Contact - N\u00f8rrebro Teater","og_description":"N\u00f8rrebro Teater er Danmarks st\u00f8rste morskabsteater med plads til 620 publikummer.","og_url":"https:\/\/www.nbt.dk\/en\/contact\/","og_site_name":"N\u00f8rrebro Teater","article_publisher":"https:\/\/www.facebook.com\/NorrebroTeater","article_modified_time":"2026-04-27T06:24:40+00:00","twitter_card":"summary_large_image","twitter_misc":{"Est. reading time":"2 minutes"},"schema":{"@context":"https:\/\/schema.org","@graph":[{"@type":"WebPage","@id":"https:\/\/www.nbt.dk\/en\/contact\/","url":"https:\/\/www.nbt.dk\/en\/contact\/","name":"Contact - N\u00f8rrebro Teater","isPartOf":{"@id":"https:\/\/www.nbt.dk\/en\/#website"},"datePublished":"2025-03-06T19:32:54+00:00","dateModified":"2026-04-27T06:24:40+00:00","description":"N\u00f8rrebro Teater er Danmarks st\u00f8rste morskabsteater med plads til 620 publikummer.","breadcrumb":{"@id":"https:\/\/www.nbt.dk\/en\/contact\/#breadcrumb"},"inLanguage":"en-US","potentialAction":[{"@type":"ReadAction","target":["https:\/\/www.nbt.dk\/en\/contact\/"]}]},{"@type":"BreadcrumbList","@id":"https:\/\/www.nbt.dk\/en\/contact\/#breadcrumb","itemListElement":[{"@type":"ListItem","position":1,"name":"Hjem","item":"https:\/\/www.nbt.dk\/en\/"},{"@type":"ListItem","position":2,"name":"Contact"}]},{"@type":"WebSite","@id":"https:\/\/www.nbt.dk\/en\/#website","url":"https:\/\/www.nbt.dk\/en\/","name":"N\u00f8rrebro Teater","description":"Morskabens teater","publisher":{"@id":"https:\/\/www.nbt.dk\/en\/#organization"},"potentialAction":[{"@type":"SearchAction","target":{"@type":"EntryPoint","urlTemplate":"https:\/\/www.nbt.dk\/en\/?s={search_term_string}"},"query-input":{"@type":"PropertyValueSpecification","valueRequired":true,"valueName":"search_term_string"}}],"inLanguage":"en-US"},{"@type":"Organization","@id":"https:\/\/www.nbt.dk\/en\/#organization","name":"N\u00f8rrebro Teater","url":"https:\/\/www.nbt.dk\/en\/","logo":{"@type":"ImageObject","inLanguage":"en-US","@id":"https:\/\/www.nbt.dk\/en\/#\/schema\/logo\/image\/","url":"https:\/\/www.nbt.dk\/wp-content\/uploads\/2023\/04\/nbt_logo.svg","contentUrl":"https:\/\/www.nbt.dk\/wp-content\/uploads\/2023\/04\/nbt_logo.svg","width":337,"height":124,"caption":"N\u00f8rrebro Teater"},"image":{"@id":"https:\/\/www.nbt.dk\/en\/#\/schema\/logo\/image\/"},"sameAs":["https:\/\/www.facebook.com\/NorrebroTeater","https:\/\/www.instagram.com\/noerrebroteater\/?hl=da","https:\/\/dk.linkedin.com\/company\/norrebro-teater","https:\/\/www.youtube.com\/@NorrebroTeater"]}]}},"_links":{"self":[{"href":"https:\/\/www.nbt.dk\/en\/wp-json\/wp\/v2\/pages\/12151","targetHints":{"allow":["GET"]}}],"collection":[{"href":"https:\/\/www.nbt.dk\/en\/wp-json\/wp\/v2\/pages"}],"about":[{"href":"https:\/\/www.nbt.dk\/en\/wp-json\/wp\/v2\/types\/page"}],"author":[{"embeddable":true,"href":"https:\/\/www.nbt.dk\/en\/wp-json\/wp\/v2\/users\/1"}],"replies":[{"embeddable":true,"href":"https:\/\/www.nbt.dk\/en\/wp-json\/wp\/v2\/comments?post=12151"}],"version-history":[{"count":8,"href":"https:\/\/www.nbt.dk\/en\/wp-json\/wp\/v2\/pages\/12151\/revisions"}],"predecessor-version":[{"id":12480,"href":"https:\/\/www.nbt.dk\/en\/wp-json\/wp\/v2\/pages\/12151\/revisions\/12480"}],"wp:attachment":[{"href":"https:\/\/www.nbt.dk\/en\/wp-json\/wp\/v2\/media?parent=12151"}],"curies":[{"name":"wp","href":"https:\/\/api.w.org\/{rel}","templated":true}]}}