{"id":11964,"date":"2016-04-06T21:55:00","date_gmt":"2016-04-06T19:55:00","guid":{"rendered":"https:\/\/www.nbt.dk\/om-os\/"},"modified":"2026-04-09T16:28:52","modified_gmt":"2026-04-09T14:28:52","slug":"about","status":"publish","type":"page","link":"https:\/\/www.nbt.dk\/en\/about\/","title":{"rendered":"About"},"content":{"rendered":"\r\n<h1 class=\"wp-block-heading\">Om teatret<\/h1>\r\n\r\n\r\n\r\n<p>N\u00f8rrebro Teater er et af Danmarks mest signifikante teatre med plads til 620 publikummer. Fra sin placering p\u00e5 Ravnsborggade i hjertet af N\u00f8rrebro er missionen for teatret at forbinde sig til omverdenen igennem perspektiverende og engagerende teater og kultur. <br \/>Siden maj 2024 har Janne Villadsen og Jennifer Vedsted Christiansen v\u00e6ret direkt\u00f8rer.<\/p>\r\n\r\n\r\n\r\n<p>Teatrets logo og visuelle udtryk bygger bro mellem fortid, nutid og fremtid og afspejler den retning, N\u00f8rrebro Teater og det kommende program bev\u00e6ger sig i.<\/p>\r\n\r\n\r\n\r\n<p>Inspireret af teatrets originale skilt p\u00e5 bygningen, designet af den banebrydende modernistiske arkitekt Vilhelm Lauritzen i 1932, underst\u00f8tter identiteten teatrets mission: At skabe forbindelser mellem mennesker gennem kultur og give nye perspektiver.<\/p>\r\n\r\n\r\n\r\n<p>Fra sensommeren 2025 vil N\u00f8rrebro Teater derfor \u00e5bne for et program af Teater, Samtaler &amp; M\u00f8der, Kunst &amp; Performance og Musik. Programmet vil blive offentliggjort l\u00f8bende.<\/p>\r\n\r\n\r\n<p>[nbt_calendar event=&#8221;all&#8221; range=30]<\/p>\n","protected":false},"excerpt":{"rendered":"<p>Om teatret N\u00f8rrebro Teater er et af Danmarks mest signifikante teatre med plads til 620 publikummer. Fra sin placering p\u00e5 Ravnsborggade i hjertet af N\u00f8rrebro er missionen for teatret at forbinde sig til omverdenen igennem perspektiverende og engagerende teater og kultur. Siden maj 2024 har Janne Villadsen og Jennifer Vedsted Christiansen v\u00e6ret direkt\u00f8rer. Teatrets logo [&hellip;]<\/p>\n","protected":false},"author":1,"featured_media":0,"parent":0,"menu_order":49,"comment_status":"closed","ping_status":"closed","template":"","meta":{"_acf_changed":false,"footnotes":""},"class_list":["post-11964","page","type-page","status-publish","hentry"],"acf":[],"yoast_head":"<!-- This site is optimized with the Yoast SEO plugin v27.2 - https:\/\/yoast.com\/product\/yoast-seo-wordpress\/ -->\n<title>About - N\u00f8rrebro Teater<\/title>\n<meta name=\"description\" content=\"N\u00f8rrebro Teater er Danmarks st\u00f8rste morskabsteater med plads til 620 publikummer.\" \/>\n<meta name=\"robots\" content=\"index, follow, max-snippet:-1, max-image-preview:large, max-video-preview:-1\" \/>\n<link rel=\"canonical\" href=\"https:\/\/www.nbt.dk\/en\/about\/\" \/>\n<meta property=\"og:locale\" content=\"en_US\" \/>\n<meta property=\"og:type\" content=\"article\" \/>\n<meta property=\"og:title\" content=\"About - N\u00f8rrebro Teater\" \/>\n<meta property=\"og:description\" content=\"N\u00f8rrebro Teater er Danmarks st\u00f8rste morskabsteater med plads til 620 publikummer.\" \/>\n<meta property=\"og:url\" content=\"https:\/\/www.nbt.dk\/en\/about\/\" \/>\n<meta property=\"og:site_name\" content=\"N\u00f8rrebro Teater\" \/>\n<meta property=\"article:publisher\" content=\"https:\/\/www.facebook.com\/NorrebroTeater\" \/>\n<meta property=\"article:modified_time\" content=\"2026-04-09T14:28:52+00:00\" \/>\n<meta name=\"twitter:card\" content=\"summary_large_image\" \/>\n<meta name=\"twitter:label1\" content=\"Est. reading time\" \/>\n\t<meta name=\"twitter:data1\" content=\"2 minutes\" \/>\n<script type=\"application\/ld+json\" class=\"yoast-schema-graph\">{\"@context\":\"https:\/\/schema.org\",\"@graph\":[{\"@type\":\"WebPage\",\"@id\":\"https:\/\/www.nbt.dk\/en\/about\/\",\"url\":\"https:\/\/www.nbt.dk\/en\/about\/\",\"name\":\"About - N\u00f8rrebro Teater\",\"isPartOf\":{\"@id\":\"https:\/\/www.nbt.dk\/en\/#website\"},\"datePublished\":\"2016-04-06T19:55:00+00:00\",\"dateModified\":\"2026-04-09T14:28:52+00:00\",\"description\":\"N\u00f8rrebro Teater er Danmarks st\u00f8rste morskabsteater med plads til 620 publikummer.\",\"breadcrumb\":{\"@id\":\"https:\/\/www.nbt.dk\/en\/about\/#breadcrumb\"},\"inLanguage\":\"en-US\",\"potentialAction\":[{\"@type\":\"ReadAction\",\"target\":[\"https:\/\/www.nbt.dk\/en\/about\/\"]}]},{\"@type\":\"BreadcrumbList\",\"@id\":\"https:\/\/www.nbt.dk\/en\/about\/#breadcrumb\",\"itemListElement\":[{\"@type\":\"ListItem\",\"position\":1,\"name\":\"Hjem\",\"item\":\"https:\/\/www.nbt.dk\/en\/\"},{\"@type\":\"ListItem\",\"position\":2,\"name\":\"About\"}]},{\"@type\":\"WebSite\",\"@id\":\"https:\/\/www.nbt.dk\/en\/#website\",\"url\":\"https:\/\/www.nbt.dk\/en\/\",\"name\":\"N\u00f8rrebro Teater\",\"description\":\"Morskabens teater\",\"publisher\":{\"@id\":\"https:\/\/www.nbt.dk\/en\/#organization\"},\"potentialAction\":[{\"@type\":\"SearchAction\",\"target\":{\"@type\":\"EntryPoint\",\"urlTemplate\":\"https:\/\/www.nbt.dk\/en\/?s={search_term_string}\"},\"query-input\":{\"@type\":\"PropertyValueSpecification\",\"valueRequired\":true,\"valueName\":\"search_term_string\"}}],\"inLanguage\":\"en-US\"},{\"@type\":\"Organization\",\"@id\":\"https:\/\/www.nbt.dk\/en\/#organization\",\"name\":\"N\u00f8rrebro Teater\",\"url\":\"https:\/\/www.nbt.dk\/en\/\",\"logo\":{\"@type\":\"ImageObject\",\"inLanguage\":\"en-US\",\"@id\":\"https:\/\/www.nbt.dk\/en\/#\/schema\/logo\/image\/\",\"url\":\"https:\/\/www.nbt.dk\/wp-content\/uploads\/2023\/04\/nbt_logo.svg\",\"contentUrl\":\"https:\/\/www.nbt.dk\/wp-content\/uploads\/2023\/04\/nbt_logo.svg\",\"width\":337,\"height\":124,\"caption\":\"N\u00f8rrebro Teater\"},\"image\":{\"@id\":\"https:\/\/www.nbt.dk\/en\/#\/schema\/logo\/image\/\"},\"sameAs\":[\"https:\/\/www.facebook.com\/NorrebroTeater\",\"https:\/\/www.instagram.com\/noerrebroteater\/?hl=da\",\"https:\/\/dk.linkedin.com\/company\/norrebro-teater\",\"https:\/\/www.youtube.com\/@NorrebroTeater\"]}]}<\/script>\n<!-- \/ Yoast SEO plugin. -->","yoast_head_json":{"title":"About - N\u00f8rrebro Teater","description":"N\u00f8rrebro Teater er Danmarks st\u00f8rste morskabsteater med plads til 620 publikummer.","robots":{"index":"index","follow":"follow","max-snippet":"max-snippet:-1","max-image-preview":"max-image-preview:large","max-video-preview":"max-video-preview:-1"},"canonical":"https:\/\/www.nbt.dk\/en\/about\/","og_locale":"en_US","og_type":"article","og_title":"About - N\u00f8rrebro Teater","og_description":"N\u00f8rrebro Teater er Danmarks st\u00f8rste morskabsteater med plads til 620 publikummer.","og_url":"https:\/\/www.nbt.dk\/en\/about\/","og_site_name":"N\u00f8rrebro Teater","article_publisher":"https:\/\/www.facebook.com\/NorrebroTeater","article_modified_time":"2026-04-09T14:28:52+00:00","twitter_card":"summary_large_image","twitter_misc":{"Est. reading time":"2 minutes"},"schema":{"@context":"https:\/\/schema.org","@graph":[{"@type":"WebPage","@id":"https:\/\/www.nbt.dk\/en\/about\/","url":"https:\/\/www.nbt.dk\/en\/about\/","name":"About - N\u00f8rrebro Teater","isPartOf":{"@id":"https:\/\/www.nbt.dk\/en\/#website"},"datePublished":"2016-04-06T19:55:00+00:00","dateModified":"2026-04-09T14:28:52+00:00","description":"N\u00f8rrebro Teater er Danmarks st\u00f8rste morskabsteater med plads til 620 publikummer.","breadcrumb":{"@id":"https:\/\/www.nbt.dk\/en\/about\/#breadcrumb"},"inLanguage":"en-US","potentialAction":[{"@type":"ReadAction","target":["https:\/\/www.nbt.dk\/en\/about\/"]}]},{"@type":"BreadcrumbList","@id":"https:\/\/www.nbt.dk\/en\/about\/#breadcrumb","itemListElement":[{"@type":"ListItem","position":1,"name":"Hjem","item":"https:\/\/www.nbt.dk\/en\/"},{"@type":"ListItem","position":2,"name":"About"}]},{"@type":"WebSite","@id":"https:\/\/www.nbt.dk\/en\/#website","url":"https:\/\/www.nbt.dk\/en\/","name":"N\u00f8rrebro Teater","description":"Morskabens teater","publisher":{"@id":"https:\/\/www.nbt.dk\/en\/#organization"},"potentialAction":[{"@type":"SearchAction","target":{"@type":"EntryPoint","urlTemplate":"https:\/\/www.nbt.dk\/en\/?s={search_term_string}"},"query-input":{"@type":"PropertyValueSpecification","valueRequired":true,"valueName":"search_term_string"}}],"inLanguage":"en-US"},{"@type":"Organization","@id":"https:\/\/www.nbt.dk\/en\/#organization","name":"N\u00f8rrebro Teater","url":"https:\/\/www.nbt.dk\/en\/","logo":{"@type":"ImageObject","inLanguage":"en-US","@id":"https:\/\/www.nbt.dk\/en\/#\/schema\/logo\/image\/","url":"https:\/\/www.nbt.dk\/wp-content\/uploads\/2023\/04\/nbt_logo.svg","contentUrl":"https:\/\/www.nbt.dk\/wp-content\/uploads\/2023\/04\/nbt_logo.svg","width":337,"height":124,"caption":"N\u00f8rrebro Teater"},"image":{"@id":"https:\/\/www.nbt.dk\/en\/#\/schema\/logo\/image\/"},"sameAs":["https:\/\/www.facebook.com\/NorrebroTeater","https:\/\/www.instagram.com\/noerrebroteater\/?hl=da","https:\/\/dk.linkedin.com\/company\/norrebro-teater","https:\/\/www.youtube.com\/@NorrebroTeater"]}]}},"_links":{"self":[{"href":"https:\/\/www.nbt.dk\/en\/wp-json\/wp\/v2\/pages\/11964","targetHints":{"allow":["GET"]}}],"collection":[{"href":"https:\/\/www.nbt.dk\/en\/wp-json\/wp\/v2\/pages"}],"about":[{"href":"https:\/\/www.nbt.dk\/en\/wp-json\/wp\/v2\/types\/page"}],"author":[{"embeddable":true,"href":"https:\/\/www.nbt.dk\/en\/wp-json\/wp\/v2\/users\/1"}],"replies":[{"embeddable":true,"href":"https:\/\/www.nbt.dk\/en\/wp-json\/wp\/v2\/comments?post=11964"}],"version-history":[{"count":2,"href":"https:\/\/www.nbt.dk\/en\/wp-json\/wp\/v2\/pages\/11964\/revisions"}],"predecessor-version":[{"id":12365,"href":"https:\/\/www.nbt.dk\/en\/wp-json\/wp\/v2\/pages\/11964\/revisions\/12365"}],"wp:attachment":[{"href":"https:\/\/www.nbt.dk\/en\/wp-json\/wp\/v2\/media?parent=11964"}],"curies":[{"name":"wp","href":"https:\/\/api.w.org\/{rel}","templated":true}]}}