{"id":11961,"date":"2017-06-22T14:32:45","date_gmt":"2017-06-22T12:32:45","guid":{"rendered":"https:\/\/www.nbt.dk\/detsker\/"},"modified":"2026-04-08T10:48:26","modified_gmt":"2026-04-08T08:48:26","slug":"whats-on","status":"publish","type":"page","link":"https:\/\/www.nbt.dk\/en\/whats-on\/","title":{"rendered":"WHAT&#8217;S ON"},"content":{"rendered":"<h1>DET SKER<\/h1>\n        <div class=\"nbt-tixly\">\n            <div class=\"nbt-tixly-header\">\n                <h2>Calendar<\/h2>\n                                <div>\n                    <button type=\"button\" class=\"nbt-tixly-nav-button disabled btn\" id=\"prev-button\" aria-label=\"Prior Month\">\n                        &laquo;\n                    <\/button>\n                    <input id=\"datepicker\">\n                    <button type=\"button\" class=\"nbt-tixly-nav-button btn\" id=\"next-button\" aria-label=\"Next Month\">\n                        &raquo;\n                    <\/button>\n                <\/div>\n                <button type=\"button\" class=\"btn\" id=\"datepicker-trigger\" aria-label=\"Choose date \">\n                    Choose date <strong>+<\/strong>\n                <\/button>\n                            <\/div>\n            <div id=\"nbt-tixly-calendar\" class=\"nbt-tixly-calendar\"  data-categori=\"\" data-duration=\"30\"><\/div>\n        <\/div>\n        \n","protected":false},"excerpt":{"rendered":"<p>DET SKER<\/p>\n","protected":false},"author":4,"featured_media":0,"parent":0,"menu_order":22,"comment_status":"closed","ping_status":"closed","template":"","meta":{"_acf_changed":false,"footnotes":""},"class_list":["post-11961","page","type-page","status-publish","hentry"],"acf":[],"yoast_head":"<!-- This site is optimized with the Yoast SEO plugin v27.2 - https:\/\/yoast.com\/product\/yoast-seo-wordpress\/ -->\n<title>WHAT&#039;S ON - N\u00f8rrebro Teater<\/title>\n<meta name=\"description\" content=\"F\u00e5 et overblik over alt det der sker p\u00e5 N\u00f8rrebro Teater\" \/>\n<meta name=\"robots\" content=\"index, follow, max-snippet:-1, max-image-preview:large, max-video-preview:-1\" \/>\n<link rel=\"canonical\" href=\"https:\/\/www.nbt.dk\/en\/whats-on\/\" \/>\n<meta property=\"og:locale\" content=\"en_US\" \/>\n<meta property=\"og:type\" content=\"article\" \/>\n<meta property=\"og:title\" content=\"WHAT&#039;S ON - N\u00f8rrebro Teater\" \/>\n<meta property=\"og:description\" content=\"F\u00e5 et overblik over alt det der sker p\u00e5 N\u00f8rrebro Teater\" \/>\n<meta property=\"og:url\" content=\"https:\/\/www.nbt.dk\/en\/whats-on\/\" \/>\n<meta property=\"og:site_name\" content=\"N\u00f8rrebro Teater\" \/>\n<meta property=\"article:publisher\" content=\"https:\/\/www.facebook.com\/NorrebroTeater\" \/>\n<meta property=\"article:modified_time\" content=\"2026-04-08T08:48:26+00:00\" \/>\n<meta name=\"twitter:card\" content=\"summary_large_image\" \/>\n<meta name=\"twitter:label1\" content=\"Est. reading time\" \/>\n\t<meta name=\"twitter:data1\" content=\"3 minutes\" \/>\n<script type=\"application\/ld+json\" class=\"yoast-schema-graph\">{\"@context\":\"https:\/\/schema.org\",\"@graph\":[{\"@type\":\"WebPage\",\"@id\":\"https:\/\/www.nbt.dk\/en\/whats-on\/\",\"url\":\"https:\/\/www.nbt.dk\/en\/whats-on\/\",\"name\":\"WHAT'S ON - N\u00f8rrebro Teater\",\"isPartOf\":{\"@id\":\"https:\/\/www.nbt.dk\/en\/#website\"},\"datePublished\":\"2017-06-22T12:32:45+00:00\",\"dateModified\":\"2026-04-08T08:48:26+00:00\",\"description\":\"F\u00e5 et overblik over alt det der sker p\u00e5 N\u00f8rrebro Teater\",\"breadcrumb\":{\"@id\":\"https:\/\/www.nbt.dk\/en\/whats-on\/#breadcrumb\"},\"inLanguage\":\"en-US\",\"potentialAction\":[{\"@type\":\"ReadAction\",\"target\":[\"https:\/\/www.nbt.dk\/en\/whats-on\/\"]}]},{\"@type\":\"BreadcrumbList\",\"@id\":\"https:\/\/www.nbt.dk\/en\/whats-on\/#breadcrumb\",\"itemListElement\":[{\"@type\":\"ListItem\",\"position\":1,\"name\":\"Hjem\",\"item\":\"https:\/\/www.nbt.dk\/en\/\"},{\"@type\":\"ListItem\",\"position\":2,\"name\":\"WHAT&#8217;S ON\"}]},{\"@type\":\"WebSite\",\"@id\":\"https:\/\/www.nbt.dk\/en\/#website\",\"url\":\"https:\/\/www.nbt.dk\/en\/\",\"name\":\"N\u00f8rrebro Teater\",\"description\":\"Morskabens teater\",\"publisher\":{\"@id\":\"https:\/\/www.nbt.dk\/en\/#organization\"},\"potentialAction\":[{\"@type\":\"SearchAction\",\"target\":{\"@type\":\"EntryPoint\",\"urlTemplate\":\"https:\/\/www.nbt.dk\/en\/?s={search_term_string}\"},\"query-input\":{\"@type\":\"PropertyValueSpecification\",\"valueRequired\":true,\"valueName\":\"search_term_string\"}}],\"inLanguage\":\"en-US\"},{\"@type\":\"Organization\",\"@id\":\"https:\/\/www.nbt.dk\/en\/#organization\",\"name\":\"N\u00f8rrebro Teater\",\"url\":\"https:\/\/www.nbt.dk\/en\/\",\"logo\":{\"@type\":\"ImageObject\",\"inLanguage\":\"en-US\",\"@id\":\"https:\/\/www.nbt.dk\/en\/#\/schema\/logo\/image\/\",\"url\":\"https:\/\/www.nbt.dk\/wp-content\/uploads\/2023\/04\/nbt_logo.svg\",\"contentUrl\":\"https:\/\/www.nbt.dk\/wp-content\/uploads\/2023\/04\/nbt_logo.svg\",\"width\":337,\"height\":124,\"caption\":\"N\u00f8rrebro Teater\"},\"image\":{\"@id\":\"https:\/\/www.nbt.dk\/en\/#\/schema\/logo\/image\/\"},\"sameAs\":[\"https:\/\/www.facebook.com\/NorrebroTeater\",\"https:\/\/www.instagram.com\/noerrebroteater\/?hl=da\",\"https:\/\/dk.linkedin.com\/company\/norrebro-teater\",\"https:\/\/www.youtube.com\/@NorrebroTeater\"]}]}<\/script>\n<!-- \/ Yoast SEO plugin. -->","yoast_head_json":{"title":"WHAT'S ON - N\u00f8rrebro Teater","description":"F\u00e5 et overblik over alt det der sker p\u00e5 N\u00f8rrebro Teater","robots":{"index":"index","follow":"follow","max-snippet":"max-snippet:-1","max-image-preview":"max-image-preview:large","max-video-preview":"max-video-preview:-1"},"canonical":"https:\/\/www.nbt.dk\/en\/whats-on\/","og_locale":"en_US","og_type":"article","og_title":"WHAT'S ON - N\u00f8rrebro Teater","og_description":"F\u00e5 et overblik over alt det der sker p\u00e5 N\u00f8rrebro Teater","og_url":"https:\/\/www.nbt.dk\/en\/whats-on\/","og_site_name":"N\u00f8rrebro Teater","article_publisher":"https:\/\/www.facebook.com\/NorrebroTeater","article_modified_time":"2026-04-08T08:48:26+00:00","twitter_card":"summary_large_image","twitter_misc":{"Est. reading time":"3 minutes"},"schema":{"@context":"https:\/\/schema.org","@graph":[{"@type":"WebPage","@id":"https:\/\/www.nbt.dk\/en\/whats-on\/","url":"https:\/\/www.nbt.dk\/en\/whats-on\/","name":"WHAT'S ON - N\u00f8rrebro Teater","isPartOf":{"@id":"https:\/\/www.nbt.dk\/en\/#website"},"datePublished":"2017-06-22T12:32:45+00:00","dateModified":"2026-04-08T08:48:26+00:00","description":"F\u00e5 et overblik over alt det der sker p\u00e5 N\u00f8rrebro Teater","breadcrumb":{"@id":"https:\/\/www.nbt.dk\/en\/whats-on\/#breadcrumb"},"inLanguage":"en-US","potentialAction":[{"@type":"ReadAction","target":["https:\/\/www.nbt.dk\/en\/whats-on\/"]}]},{"@type":"BreadcrumbList","@id":"https:\/\/www.nbt.dk\/en\/whats-on\/#breadcrumb","itemListElement":[{"@type":"ListItem","position":1,"name":"Hjem","item":"https:\/\/www.nbt.dk\/en\/"},{"@type":"ListItem","position":2,"name":"WHAT&#8217;S ON"}]},{"@type":"WebSite","@id":"https:\/\/www.nbt.dk\/en\/#website","url":"https:\/\/www.nbt.dk\/en\/","name":"N\u00f8rrebro Teater","description":"Morskabens teater","publisher":{"@id":"https:\/\/www.nbt.dk\/en\/#organization"},"potentialAction":[{"@type":"SearchAction","target":{"@type":"EntryPoint","urlTemplate":"https:\/\/www.nbt.dk\/en\/?s={search_term_string}"},"query-input":{"@type":"PropertyValueSpecification","valueRequired":true,"valueName":"search_term_string"}}],"inLanguage":"en-US"},{"@type":"Organization","@id":"https:\/\/www.nbt.dk\/en\/#organization","name":"N\u00f8rrebro Teater","url":"https:\/\/www.nbt.dk\/en\/","logo":{"@type":"ImageObject","inLanguage":"en-US","@id":"https:\/\/www.nbt.dk\/en\/#\/schema\/logo\/image\/","url":"https:\/\/www.nbt.dk\/wp-content\/uploads\/2023\/04\/nbt_logo.svg","contentUrl":"https:\/\/www.nbt.dk\/wp-content\/uploads\/2023\/04\/nbt_logo.svg","width":337,"height":124,"caption":"N\u00f8rrebro Teater"},"image":{"@id":"https:\/\/www.nbt.dk\/en\/#\/schema\/logo\/image\/"},"sameAs":["https:\/\/www.facebook.com\/NorrebroTeater","https:\/\/www.instagram.com\/noerrebroteater\/?hl=da","https:\/\/dk.linkedin.com\/company\/norrebro-teater","https:\/\/www.youtube.com\/@NorrebroTeater"]}]}},"_links":{"self":[{"href":"https:\/\/www.nbt.dk\/en\/wp-json\/wp\/v2\/pages\/11961","targetHints":{"allow":["GET"]}}],"collection":[{"href":"https:\/\/www.nbt.dk\/en\/wp-json\/wp\/v2\/pages"}],"about":[{"href":"https:\/\/www.nbt.dk\/en\/wp-json\/wp\/v2\/types\/page"}],"author":[{"embeddable":true,"href":"https:\/\/www.nbt.dk\/en\/wp-json\/wp\/v2\/users\/4"}],"replies":[{"embeddable":true,"href":"https:\/\/www.nbt.dk\/en\/wp-json\/wp\/v2\/comments?post=11961"}],"version-history":[{"count":3,"href":"https:\/\/www.nbt.dk\/en\/wp-json\/wp\/v2\/pages\/11961\/revisions"}],"predecessor-version":[{"id":12208,"href":"https:\/\/www.nbt.dk\/en\/wp-json\/wp\/v2\/pages\/11961\/revisions\/12208"}],"wp:attachment":[{"href":"https:\/\/www.nbt.dk\/en\/wp-json\/wp\/v2\/media?parent=11961"}],"curies":[{"name":"wp","href":"https:\/\/api.w.org\/{rel}","templated":true}]}}